{"id":8019,"date":"2016-12-21T13:14:30","date_gmt":"2016-12-21T13:14:30","guid":{"rendered":"http:\/\/hoshi.mikado-themes.com\/?page_id=8019"},"modified":"2019-09-03T12:50:38","modified_gmt":"2019-09-03T12:50:38","slug":"aviso-legal","status":"publish","type":"page","link":"http:\/\/nvs-mil2004hsr.com\/index.php\/aviso-legal\/","title":{"rendered":"Aviso Legal"},"content":{"rendered":"<p>[vc_row row_type=&#8221;parallax&#8221; content_aligment=&#8221;center&#8221; full_screen_section_height=&#8221;yes&#8221; vertically_align_content_in_middle=&#8221;yes&#8221; css=&#8221;.vc_custom_1567514112544{margin-right: 0px !important;margin-left: 0px !important;}&#8221;][vc_column]<div class=\"mkd-elements-holder mkd-responsive-mode-768\" ><div class=\"mkd-elements-holder-item mkd-horizontal-alignment-left\"  >\n\t<div class=\"mkd-elements-holder-item-inner\">\n\t\t<div class=\"mkd-elements-holder-item-content mkd-elements-holder-custom-717810\" style=\"padding: 0 27% 3% 27%\">\n\t\t\t\t\t\t\t<style type=\"text\/css\" data-type=\"mkd-elements-custom-padding\" scoped>\n                                        @media only screen and (min-width: 1280px) and (max-width: 1440px) {\n                        .mkd-elements-holder .mkd-elements-holder-item-content.mkd-elements-holder-custom-717810 {\n                            padding: 0 20% 4.4% 20% !important;\n                        }\n                    }\n\n                                        \t\t\t\t\t@media only screen and (min-width: 1024px) and (max-width: 1280px) {\n\t\t\t\t\t\t.mkd-elements-holder .mkd-elements-holder-item-content.mkd-elements-holder-custom-717810 {\n\t\t\t\t\t\t\tpadding: 0 18% 4.4% 18% !important;\n\t\t\t\t\t\t}\n\t\t\t\t\t}\n\n\t\t\t\t\t\t\t\t\t\t\t\t\t\t\t@media only screen and (min-width: 768px) and (max-width: 1024px) {\n\t\t\t\t\t\t.mkd-elements-holder .mkd-elements-holder-item-content.mkd-elements-holder-custom-717810 {\n\t\t\t\t\t\t\tpadding: 7% 13% 5.4% 13% !important;\n\t\t\t\t\t\t}\n\t\t\t\t\t}\n\n\t\t\t\t\t\t\t\t\t\t\t\t\t\t\t@media only screen and (min-width: 600px) and (max-width: 768px) {\n\t\t\t\t\t\t.mkd-elements-holder .mkd-elements-holder-item-content.mkd-elements-holder-custom-717810 {\n\t\t\t\t\t\t\tpadding: 24% 11% 7.4% 11% !important;\n\t\t\t\t\t\t}\n\t\t\t\t\t}\n\n\t\t\t\t\t\t\t\t\t\t\t\t\t\t\t@media only screen and (min-width: 480px) and (max-width: 600px) {\n\t\t\t\t\t\t.mkd-elements-holder .mkd-elements-holder-item-content.mkd-elements-holder-custom-717810 {\n\t\t\t\t\t\t\tpadding: 25% 0% 15.4% 0% !important;\n\t\t\t\t\t\t}\n\t\t\t\t\t}\n\n\t\t\t\t\t\t\t\t\t\t\t\t\t\t\t@media only screen and (max-width: 480px) {\n\t\t\t\t\t\t.mkd-elements-holder .mkd-elements-holder-item-content.mkd-elements-holder-custom-717810 {\n\t\t\t\t\t\t\tpadding: 25% 0% 15.4% 0% !important;\n\t\t\t\t\t\t}\n\t\t\t\t\t}\n\n\t\t\t\t\t\t\t\t\t<\/style>\n\t\t\t\t\t\t[vc_empty_space height=&#8221;20px&#8221;]<div class=\"mkd-section-title-holder\">\n\t<h2 class=\"mkd-section-title\" style=\"color: #686868;text-transform: none;text-align: center\">\n\tAviso Legal<span class=\"mkd-section-highlighted\" style=\"color: #ff3a4c\">.<\/span>\t<\/h2>\n<\/div>[vc_empty_space height=&#8221;20px&#8221;][vc_column_text]<strong>Objetivo<\/strong><\/p>\n<p>Mediante este\u00a0<em>Aviso Legal<\/em>, NOVATRONIC SISTEMAS, S.L. quiere comunicar a los usuarios de su sitio Web la pol\u00edtica de protecci\u00f3n de datos de car\u00e1cter personal llevada a cabo, cumpliendo as\u00ed con el derecho de informaci\u00f3n que la Ley Org\u00e1nica 15\/1999, de 13 de diciembre, de Protecci\u00f3n de Datos de Car\u00e1cter Personal (en adelante LOPD), y la Ley 34\/2002, de 11 de julio, de Servicios de la Sociedad de la Informaci\u00f3n y de Comercio Electr\u00f3nico (en adelante LSSI) reconoce a todos los usuarios.<\/p>\n<p>La informaci\u00f3n proporcionada en nuestras p\u00e1ginas bajo el dominio\u00a0<span class=\"&amp;qout;blue&amp;qout;\">www.novatronicsistemas.com<\/span>\u00a0tiene la finalidad de facilitar el conocimiento y actividades de NOVATRONIC SISTEMAS, S.L., as\u00ed como de ofrecer a los usuarios y visitantes el acceso al conjunto de servicios ofertados por nuestra Empresa.<\/p>\n<p>El acceso y posterior utilizaci\u00f3n de la Web de NOVATRONIC SISTEMAS, S.L. por parte del usuario implicar\u00e1 su conformidad de forma expresa, plena y sin reservas, con la totalidad de su contenido. El acceso a esta WEB tiene car\u00e1cter gratuito y su visualizaci\u00f3n no requiere previa suscripci\u00f3n o registro alguno.<\/p>\n<p><strong>Datos Identificativos<\/strong><\/p>\n<p>En cumplimiento de lo dispuesto en el art\u00edculo 10 de la Ley 34\/2002, de 11 de julio, de servicios de la sociedad de la informaci\u00f3n y de comercio electr\u00f3nico se informa de los siguientes datos:<\/p>\n<ul>\n<li>Titular p\u00e1gina Web: NOVATRONIC SISTEMAS, S.L.<\/li>\n<li>C.I.F.: B-95184727<\/li>\n<li>Domicilio social: C\/ Iru\u00f1a, 3. 48014- Bilbao (Vizcaya).<\/li>\n<li>E-mail:\u00a0info@novatronicsistemas.com<\/li>\n<li>Tel\u00e9fono: 944 399 670<\/li>\n<li>Datos registrales: Inscrita en el registro mercantil de Bizkaia, a fecha 11 de Diciembre de 2001. Tomo 4108, Folio 205, Inscripci\u00f3n 1\u00aa de la hoja BI-32.546.<\/li>\n<\/ul>\n<p><strong>Protecci\u00f3n de datos de car\u00e1cter personal<\/strong><\/p>\n<p>De conformidad con lo establecido en los art\u00edculos 5 y 6 de la Ley Org\u00e1nica 15\/1999 de 13 de diciembre de Protecci\u00f3n de Datos de Car\u00e1cter Personal (en adelante, LOPD), le informamos que los datos de car\u00e1cter personal que voluntariamente nos facilite a trav\u00e9s de los distintos formularios de entrada dispuestos al efecto en la Web\u00a0<span class=\"&amp;qout;blue&amp;qout;\">www.novatronicsistemas.com<\/span>\u00a0o en cualquier otro canal de recogida de los mismos, ser\u00e1n incorporados al fichero denominado\u00a0<em>Clientes y\/o proveedores<\/em>, debidamente inscrito en la AEPD, responsabilidad de NOVATRONIC SISTEMAS, S.L. con la finalidad de gestionar y administrar las relaciones comerciales que los clientes\/usuarios mantengan con nuestra Empresa, as\u00ed como para atender las consultas que se requieran sobre nuestros servicios y el env\u00edo de informaci\u00f3n comercial sobre las actividades y servicios prestados por nuestra Empresa.<\/p>\n<p>NOVATRONIC SISTEMAS, S.L. no comunicar\u00e1 ni ceder\u00e1 los datos personales a terceros, sin el consentimiento previo del interesado, trat\u00e1ndolos de forma totalmente confidencial. En caso de que NOVATRONIC SISTEMAS, S.L. se propusiera ceder a terceros los datos personales de los usuarios recogidos en este sitio, lo comunicar\u00e1 debidamente a los afectados especificando la identidad de los cesionarios y la finalidad con que van a tratar los datos que se ceden.<\/p>\n<p>As\u00ed mismo, el cliente\/usuario de la WEB\u00a0<span class=\"&amp;qout;blue&amp;qout;\">www.novatronicsistemas.com<\/span>, al facilitar voluntariamente sus datos de car\u00e1cter personal a trav\u00e9s de los distintos formularios de entrada dispuestos al efecto en la web, autoriza de manera expresa a que sus datos puedan ser utilizados en el env\u00edo de comunicaciones comerciales y ofertas publicitarias por e-mail, fax o cualquier otro medio electr\u00f3nico o f\u00edsico, presente o futuro.<\/p>\n<p>Todos los datos solicitados a trav\u00e9s de la Web son obligatorios. En caso de no ser facilitados, NOVATRONIC SISTEMAS, S.L. no garantiza que los servicios\/productos prestados se ajusten completamente a sus necesidades.<\/p>\n<p>El consentimiento se entender\u00e1 prestado en tanto no nos comunique expresamente la revocaci\u00f3n del mismo a alguno de los tratamientos indicados anteriormente. A tal efecto, cliente\/usuario podr\u00e1 darse de baja de cualquiera de los servicios contratados o manifestar su deseo de no recibir ning\u00fan tipo de informaci\u00f3n comercial por cualquiera de los diferentes canales habilitados al efecto, mediante el env\u00edo de un e-mail a la direcci\u00f3n info@novatronicsistemas.com, o por escrito mediante correo postal a la direcci\u00f3n: NOVATRONIC SISTEMAS, S.L. C\/ Iru\u00f1a, 3. 48014- Bilbao (Vizcaya).<\/p>\n<p>El cliente\/usuario de la WEB\u00a0<span class=\"&amp;qout;blue&amp;qout;\">www.novatronicsistemas.com<\/span>\u00a0ser\u00e1 el \u00fanico responsable de la veracidad y exactitud de los datos aportados, actuando NOVATRONIC SISTEMAS, S.L. de buena fe como mero prestador del servicio. En caso de haber facilitado datos falsos o de terceras personas sin mediar su consentimiento para ello, NOVATRONIC SISTEMAS, S.L. se reserva el derecho a la destrucci\u00f3n inmediata de los citados datos a fin de proteger el derecho del titular o titulares de los mismos.<\/p>\n<p>NOVATRONIC SISTEMAS, S.L. se compromete al cumplimiento de su obligaci\u00f3n de secreto de los datos de car\u00e1cter personal y de su deber de guardarlos y adoptar\u00e1 todas las medidas de \u00edndole t\u00e9cnica y organizativa para garantizar la seguridad de los datos de car\u00e1cter personal y evitar su alteraci\u00f3n, p\u00e9rdida, tratamiento o acceso no autorizado, habida cuenta del estado de la tecnolog\u00eda, la naturaleza de los datos almacenados y los riesgos a que est\u00e9n expuestos, todo ello de conformidad con lo establecido en el Real Decreto 1720\/2007.<\/p>\n<p>El cliente\/usuario de la WEB\u00a0<span class=\"&amp;qout;blue&amp;qout;\">www.novatronicsistemas.com<\/span> podr\u00e1 en cualquier momento ejercer sus derechos de acceso, rectificaci\u00f3n, cancelaci\u00f3n y oposici\u00f3n al tratamiento de sus datos personales, en los t\u00e9rminos establecidos en la Ley Org\u00e1nica 15\/1999, mediante escrito dirigido al responsable del fichero, en la siguiente direcci\u00f3n NOVATRONIC SISTEMAS, S.L. C\/ Iru\u00f1a, 3. 48014- Bilbao (Vizcaya), adjuntando copia del DNI.<\/p>\n<p><strong>Recogida y calidad de los datos<\/strong><\/p>\n<p>En cumplimiento del principio de calidad de los datos personales, expresado en el art\u00edculo 4 de la LOPD, el usuario se compromete a facilitar datos verdaderos, exactos, completos y actualizados, de forma que respondan con veracidad a la situaci\u00f3n de este.<\/p>\n<p>Igualmente, el usuario se compromete a no facilitar datos de car\u00e1cter personal referidos a terceras personas, a trav\u00e9s de los formularios existentes en esta p\u00e1gina Web.<\/p>\n<p>En todo caso, queda prohibida la utilizaci\u00f3n de la p\u00e1gina Web por parte de menores de catorce a\u00f1os. En consecuencia, el usuario manifiesta responsablemente y garantiza que tiene al menos, dicha edad.<\/p>\n<p>Los menores de catorce a\u00f1os que procedan a la inclusi\u00f3n de datos personales en los formularios habilitados deber\u00e1n contar con la autorizaci\u00f3n previa de sus padres, tutores o representantes legales, a quienes se les advierte que, seg\u00fan la legislaci\u00f3n vigente, ser\u00e1n considerados responsables de todos los actos realizados por los menores a su cargo. NOVATRONIC SISTEMAS, S.L. estar\u00e1 exenta de cualquier responsabilidad por el incumplimiento de este requisito.<\/p>\n<p><strong>Propiedad intelectual e industrial<\/strong><\/p>\n<p>Los contenidos, im\u00e1genes y logotipos mostrados en las p\u00e1ginas son propiedad de NOVATRONIC SISTEMAS, S.L. o, en su caso, de terceros que han autorizado su uso. Queda prohibida su utilizaci\u00f3n, cesi\u00f3n o reproducci\u00f3n -ya sea parcial o total- a\u00fan en caso de mencionarse su origen sin contar con la oportuna autorizaci\u00f3n.<\/p>\n<p>El Usuario se obliga a respetar los derechos de propiedad industrial de NOVATRONIC SISTEMAS, S.L. El uso o la concesi\u00f3n de acceso a la p\u00e1gina Web no comportan el otorgamiento de derecho alguno sobre las marcas, nombres comerciales o cualquier otro signo distintivo que se utilicen en la misma.<\/p>\n<p>Los contenidos a los que se accede a trav\u00e9s de este sitio son propiedad de NOVATRONIC SISTEMAS, S.L., sin que puedan entenderse cedidos al usuario, en virtud de lo establecido en este Aviso Legal, ninguno de los derechos de explotaci\u00f3n que existen o puedan existir sobre dichos contenidos m\u00e1s all\u00e1 de lo estrictamente necesario para el correcto uso del sitio Web y de sus servicios.<\/p>\n<p>Se proh\u00edbe la reproducci\u00f3n total o parcial de los contenidos de este sitio Web, as\u00ed como su modificaci\u00f3n y\/o distribuci\u00f3n sin citar su origen o solicitar previamente autorizaci\u00f3n.<\/p>\n<p><strong>Medidas de Seguridad<\/strong><\/p>\n<p>NOVATRONIC SISTEMAS, S.L. pone en conocimiento de los Clientes\/Usuarios que ha adoptado las medidas de \u00edndole t\u00e9cnica y organizativas reglamentariamente establecidas, que garantizan la seguridad de los datos de car\u00e1cter personal y evitan su alteraci\u00f3n, p\u00e9rdida, tratamiento o acceso no autorizado, habida cuenta del estado de la tecnolog\u00eda, la naturaleza de los datos almacenados y los riesgos a que est\u00e9n expuestos, todo ello de conformidad con lo establecido en el Real Decreto 1720\/2007, de 21 de diciembre, por el que se aprueba el Reglamento de desarrollo de la Ley Org\u00e1nica 15\/1999, de 13 de diciembre, de protecci\u00f3n de datos de car\u00e1cter personal y otros procedimientos de control para la seguridad de los sistemas de informaci\u00f3n.<\/p>\n<p><strong>Responsabilidad<\/strong><\/p>\n<p>NOVATRONIC SISTEMAS, S.L. realiza los m\u00e1ximos esfuerzos para evitar cualquier error en los contenidos de la p\u00e1gina web, pero no garantiza ni se responsabiliza de posibles errores en los contenidos de la web. As\u00ed, nuestra empresa excluye cualquier responsabilidad por da\u00f1os y perjuicios de cualquier naturaleza eventualmente derivados de la interrupci\u00f3n del funcionamiento o la falta de disponibilidad de acceso a la p\u00e1gina web; la privacidad y seguridad en la utilizaci\u00f3n de la p\u00e1gina web por parte del Usuario, y\/o el acceso no consentido de terceros no autorizados; y la exactitud, exhaustividad y actualizaci\u00f3n puntual de los contenidos de su p\u00e1gina Web.<\/p>\n<p>Asimismo, NOVATRONIC SISTEMAS, S.L., rechaza toda responsabilidad que se derive de la mala utilizaci\u00f3n de los contenidos expuestos en estas p\u00e1ginas y se reserva el derecho a actualizarlos, eliminarlos, establecer limitaciones o restringir su acceso en cualquier momento, de manera temporal o permanente.<\/p>\n<p>NOVATRONIC SISTEMAS, S.L. podr\u00e1 eliminar del Sitio Web contenidos ilegales o presuntamente ilegales sin previo aviso.<\/p>\n<p><strong>Cookies<\/strong><\/p>\n<p>El sitio Web de NOVATRONIC SISTEMAS, S.L. utiliza cookies (peque\u00f1os archivos de informaci\u00f3n que el servidor env\u00eda al ordenador de quien accede a la p\u00e1gina) en la medida imprescindible para el correcto funcionamiento y visualizaci\u00f3n del sitio Web por parte del usuario.<\/p>\n<p>En todo caso, si Ud. no desea recibir cookies puede desactivar y\/o eliminar estas, siguiendo las instrucciones de su navegador de Internet.<\/p>\n<p><strong>Links (hiperv\u00ednculos a direcciones web)<\/strong><\/p>\n<p>Los enlaces contenidos en este sitio Web pueden dirigir a contenidos Web de terceros. NOVATRONIC SISTEMAS, S.L. no asume ninguna responsabilidad por el contenido, informaciones o servicios que pudieran aparecer en dichos sitios, que tendr\u00e1n exclusivamente car\u00e1cter informativo y que en ning\u00fan caso implican relaci\u00f3n alguna entre NOVATRONIC SISTEMAS, S.L. y las personas o entidades titulares de tales contenidos o titulares de los sitios donde se encuentren.<\/p>\n<p>Asimismo, NOVATRONIC SISTEMAS, S.L. informa que queda terminantemente prohibido el uso de links direccionados a nuestra p\u00e1gina sin nuestro consentimiento previo. NOVATRONIC SISTEMAS, S.L. no se responsabiliza de los contenidos de las p\u00e1ginas que incluyan links a nuestra p\u00e1gina.<\/p>\n<p><strong>Ley Aplicable y Jurisdicci\u00f3n<\/strong><\/p>\n<p>Para la resoluci\u00f3n de todas las controversias o cuestiones relacionadas con el presente sitio web o de las actividades en \u00e9l desarrolladas, ser\u00e1 de aplicaci\u00f3n la legislaci\u00f3n espa\u00f1ola, a la que se someten expresamente las partes, siendo competentes para la resoluci\u00f3n de todos los conflictos derivados o relacionados con su uso los Juzgados y Tribunales de Bilbao.[\/vc_column_text]\t\t<\/div>\n\t<\/div>\n<\/div><\/div>[\/vc_column][\/vc_row]<\/p>\n","protected":false},"excerpt":{"rendered":"<p>[vc_row row_type=&#8221;parallax&#8221; content_aligment=&#8221;center&#8221; full_screen_section_height=&#8221;yes&#8221; vertically_align_content_in_middle=&#8221;yes&#8221; css=&#8221;.vc_custom_1567514112544{margin-right: 0px !important;margin-left: 0px !important;}&#8221;][vc_column][\/vc_column][\/vc_row]<\/p>\n","protected":false},"author":1,"featured_media":0,"parent":0,"menu_order":0,"comment_status":"closed","ping_status":"closed","template":"full-width.php","meta":{"footnotes":""},"class_list":["post-8019","page","type-page","status-publish","hentry"],"_links":{"self":[{"href":"http:\/\/nvs-mil2004hsr.com\/index.php\/wp-json\/wp\/v2\/pages\/8019","targetHints":{"allow":["GET"]}}],"collection":[{"href":"http:\/\/nvs-mil2004hsr.com\/index.php\/wp-json\/wp\/v2\/pages"}],"about":[{"href":"http:\/\/nvs-mil2004hsr.com\/index.php\/wp-json\/wp\/v2\/types\/page"}],"author":[{"embeddable":true,"href":"http:\/\/nvs-mil2004hsr.com\/index.php\/wp-json\/wp\/v2\/users\/1"}],"replies":[{"embeddable":true,"href":"http:\/\/nvs-mil2004hsr.com\/index.php\/wp-json\/wp\/v2\/comments?post=8019"}],"version-history":[{"count":9,"href":"http:\/\/nvs-mil2004hsr.com\/index.php\/wp-json\/wp\/v2\/pages\/8019\/revisions"}],"predecessor-version":[{"id":10859,"href":"http:\/\/nvs-mil2004hsr.com\/index.php\/wp-json\/wp\/v2\/pages\/8019\/revisions\/10859"}],"wp:attachment":[{"href":"http:\/\/nvs-mil2004hsr.com\/index.php\/wp-json\/wp\/v2\/media?parent=8019"}],"curies":[{"name":"wp","href":"https:\/\/api.w.org\/{rel}","templated":true}]}}